{"id":30,"date":"2020-06-02T14:20:52","date_gmt":"2020-06-02T12:20:52","guid":{"rendered":"https:\/\/apidar.pl\/?post_type=product&#038;p=30"},"modified":"2025-12-30T10:14:39","modified_gmt":"2025-12-30T09:14:39","slug":"miod-lipowy-1250g","status":"publish","type":"product","link":"https:\/\/apidar.pl\/de\/produkt\/miod-lipowy-1250g\/","title":{"rendered":"Limettenhonig 1250g"},"content":{"rendered":"<h4>Ernte und Farbe<\/h4>\n<p>Lindenhonig wird von Bienen aus den Bl\u00fcten der in Polen beliebten Kleinbl\u00e4ttrigen Linde (Tilia cordata) und Breitbl\u00e4ttrigen Linde (Tilia platyphyllo) gewonnen. Lindenhonig hat im fl\u00fcssigen Zustand eine Farbe, die von gr\u00fcnlich-gelb bis hell bernsteinfarben reicht. Nach der Kristallisation verf\u00e4rbt es sich von wei\u00dfgelb nach goldgelb.<\/p>\n<h4>F\u00fcr wen?<\/h4>\n<p>Im Hinblick auf seine Heilwirkung gilt Lindenhonig allgemein als das beste Mittel gegen Erk\u00e4ltungen, Grippe, Erkrankungen mit hohem Fieber sowie Erkrankungen der unteren und oberen Atemwege. Dank des hohen Gehalts an \u00e4therischen \u00d6len zerst\u00f6rt es Mikroorganismen, die sich in den Schleimh\u00e4uten der Atemwege, insbesondere der Nase und des Rachens, befinden.<\/p>\n<p><i>Quelle: Kalender des polnischen Imkers 2010<\/i><\/p>","protected":false},"excerpt":{"rendered":"<p>Lindenhonig wird von Bienen aus den Bl\u00fcten der in Polen beliebten Kleinbl\u00e4ttrigen Linde (Tilia cordata) und Breitbl\u00e4ttrigen Linde (Tilia platyphyllo) gewonnen. Lindenhonig hat in fl\u00fcssiger Form eine Farbe von gr\u00fcnlich-gelb bis hell bernsteinfarben. Nach der Kristallisation verf\u00e4rbt es sich von wei\u00dfgelb nach goldgelb.<\/p>","protected":false},"featured_media":72,"template":"","meta":[],"product_brand":[],"product_cat":[19],"product_tag":[],"class_list":{"0":"post-30","1":"product","2":"type-product","3":"status-publish","4":"has-post-thumbnail","6":"product_cat-miod","8":"first","9":"outofstock","10":"taxable","11":"shipping-taxable","12":"purchasable","13":"product-type-variable","14":"has-default-attributes"},"_links":{"self":[{"href":"https:\/\/apidar.pl\/de\/wp-json\/wp\/v2\/product\/30","targetHints":{"allow":["GET"]}}],"collection":[{"href":"https:\/\/apidar.pl\/de\/wp-json\/wp\/v2\/product"}],"about":[{"href":"https:\/\/apidar.pl\/de\/wp-json\/wp\/v2\/types\/product"}],"wp:featuredmedia":[{"embeddable":true,"href":"https:\/\/apidar.pl\/de\/wp-json\/wp\/v2\/media\/72"}],"wp:attachment":[{"href":"https:\/\/apidar.pl\/de\/wp-json\/wp\/v2\/media?parent=30"}],"wp:term":[{"taxonomy":"product_brand","embeddable":true,"href":"https:\/\/apidar.pl\/de\/wp-json\/wp\/v2\/product_brand?post=30"},{"taxonomy":"product_cat","embeddable":true,"href":"https:\/\/apidar.pl\/de\/wp-json\/wp\/v2\/product_cat?post=30"},{"taxonomy":"product_tag","embeddable":true,"href":"https:\/\/apidar.pl\/de\/wp-json\/wp\/v2\/product_tag?post=30"}],"curies":[{"name":"wp","href":"https:\/\/api.w.org\/{rel}","templated":true}]}}