{"id":28,"date":"2020-06-02T14:20:21","date_gmt":"2020-06-02T12:20:21","guid":{"rendered":"https:\/\/apidar.pl\/?post_type=product&#038;p=28"},"modified":"2026-04-03T13:20:29","modified_gmt":"2026-04-03T11:20:29","slug":"miod-wielokwiatowy-1250g","status":"publish","type":"product","link":"https:\/\/apidar.pl\/de\/produkt\/miod-wielokwiatowy-1250g\/","title":{"rendered":"Mehrbl\u00fctiger Honig"},"content":{"rendered":"<h4>Ernte und Farbe<\/h4>\n<p class=\"translation-block\">Vielbl\u00fctiger Honig, der von Bienen aus verschiedenen Arten und Arten von Pflanzen gewonnen wird, die gleichzeitig in einem \u00d6kosystem bl\u00fchen, ist die beliebteste Sorte unter den Nektarhonigen. Bienen sammeln im Zeitraum vom Fr\u00fchling bis zum Herbst Nektar sowohl von Kulturpflanzen als auch von wilden Wiesen-, Wald- und Bergpflanzen. Je nach Erntedatum kann zwischen Fr\u00fchlingshonig, Hochsommerhonig und Herbsthonig unterschieden werden. Aufgrund der Vielfalt wohlriechender Pflanzen wird Mehrbl\u00fctenhonig jedoch oft als \u201eTausendbl\u00fctenhonig\u201c bezeichnet.<br>\nAbh\u00e4ngig vom Erntedatum kann der Bl\u00fctenhonig unterschiedliche Farben haben, von hellcremefarben bis teefarben. Nach der Kristallisation verf\u00e4rbt es sich hellgrau oder hellbraun.<\/p>\n<h4>F\u00fcr wen?<\/h4>\n<p class=\"translation-block\">Vielbl\u00fctiger Honig zeichnet sich durch eine gro\u00dfe Vielfalt in der chemischen Zusammensetzung aus. Dies ist auf den reichhaltigen Bl\u00fctennektar zur\u00fcckzuf\u00fchren, der von vielen wohlriechenden Pflanzen stammt. Wie bei anderen Honigsorten basieren seine ern\u00e4hrungsphysiologischen und medizinischen Eigenschaften auf einfachen Zuckern: <b>Glukose<\/b> und <b>Fruktose<\/b>. Fr\u00fchlingsbl\u00fctenhonig zeichnet sich durch einen besonders hohen Gehalt an Einfachzuckern aus. Honig aus dem Hochsommer und Herbst ist jedoch reicher an Enzymen, Bioelementen und Verbindungen mit antimikrobiellen Eigenschaften. Unter den antibiotischen Bestandteilen von Lindenhonigproben, die 1\u20132 Jahre gelagert wurden, wurde Lysozym in Mengen von 7 bis etwa 10 \u03bcg\/g gefunden. Laut Cury\u0142o enthalten die getesteten Proben von Bl\u00fctenhonig 1,5 bis 10 \u03bcg\/100 g (Beta-Carotin (Provitamin A)). Dar\u00fcber hinaus stellte sich heraus, dass Bl\u00fctenhonig eine gro\u00dfe Menge Silizium enth\u00e4lt, ein Element, das f\u00fcr das reibungslose Funktionieren des Kreislaufsystems sowie f\u00fcr die Regeneration von Haut, Haaren und Knochen notwendig ist.<br>\nDie vielf\u00e4ltige chemische Zusammensetzung des Bl\u00fctenhonigs, die durch den reichhaltigen wohlriechenden N\u00e4hrstoff und das Erntedatum bestimmt wird, bestimmt die breite Verwendung von Honig zur Vorbeugung und Behandlung.<br>\nZu nennen ist zun\u00e4chst der Einsatz von Bl\u00fctenhonig bei <b>allergischen Atemwegserkrankungen<\/b>, wie zum Beispiel <b>atopischem (allergenem) Asthma bronchiale oder Heuschnupfen, auch Pollinose oder allergischer Schnupfen genannt<\/b> .<\/p>\n<p><i>Quelle: Kalender des polnischen Imkers 2010<\/i><\/p>","protected":false},"excerpt":{"rendered":"<p>Vielbl\u00fctiger Honig, der von Bienen aus verschiedenen Arten und Arten von Pflanzen gewonnen wird, die in einem \u00d6kosystem zur gleichen Zeit bl\u00fchen, ist die beliebteste Sorte unter den Nektarhonigen.<\/p>","protected":false},"featured_media":29,"template":"","meta":[],"product_brand":[],"product_cat":[19],"product_tag":[],"class_list":{"0":"post-28","1":"product","2":"type-product","3":"status-publish","4":"has-post-thumbnail","6":"product_cat-miod","8":"first","9":"instock","10":"featured","11":"taxable","12":"shipping-taxable","13":"purchasable","14":"product-type-variable","15":"has-default-attributes"},"_links":{"self":[{"href":"https:\/\/apidar.pl\/de\/wp-json\/wp\/v2\/product\/28","targetHints":{"allow":["GET"]}}],"collection":[{"href":"https:\/\/apidar.pl\/de\/wp-json\/wp\/v2\/product"}],"about":[{"href":"https:\/\/apidar.pl\/de\/wp-json\/wp\/v2\/types\/product"}],"wp:featuredmedia":[{"embeddable":true,"href":"https:\/\/apidar.pl\/de\/wp-json\/wp\/v2\/media\/29"}],"wp:attachment":[{"href":"https:\/\/apidar.pl\/de\/wp-json\/wp\/v2\/media?parent=28"}],"wp:term":[{"taxonomy":"product_brand","embeddable":true,"href":"https:\/\/apidar.pl\/de\/wp-json\/wp\/v2\/product_brand?post=28"},{"taxonomy":"product_cat","embeddable":true,"href":"https:\/\/apidar.pl\/de\/wp-json\/wp\/v2\/product_cat?post=28"},{"taxonomy":"product_tag","embeddable":true,"href":"https:\/\/apidar.pl\/de\/wp-json\/wp\/v2\/product_tag?post=28"}],"curies":[{"name":"wp","href":"https:\/\/api.w.org\/{rel}","templated":true}]}}