{"id":236,"date":"2020-11-05T17:58:11","date_gmt":"2020-11-05T16:58:11","guid":{"rendered":"https:\/\/apidar.pl\/?post_type=product&#038;p=236"},"modified":"2022-06-08T23:28:45","modified_gmt":"2022-06-08T21:28:45","slug":"zestaw-propolisowy","status":"publish","type":"product","link":"https:\/\/apidar.pl\/de\/produkt\/zestaw-propolisowy\/","title":{"rendered":"Zestaw propolisowy"},"content":{"rendered":"<p><strong>Czym jest propolis?<\/strong><br \/>\nPropolis jest produktem o z\u0142o\u017conym sk\u0142adzie produktowym. Produkowany jest przez pszczo\u0142y z kitu pszczelego i balsamu py\u0142kowego. G\u0142\u00f3wnymi sk\u0142adnikami bioaktywnymi propolisu s\u0105 polifenole (flawonoidy i fenolokwasy) oraz terpenoidy (mono-, tri-, seskwiterpeny i steroidy).<\/p>\n<p><strong>Zastosowanie<br \/>\n<\/strong>Propolis jest stosowany <strong>wewn\u0119trznie<\/strong> w postaci <a href=\"https:\/\/apidar.pl\/de\/produkt\/krople-propolisowe\/\">nalewek<\/a> i wyci\u0105g\u00f3w, m.in. w leczeniu infekcji g\u00f3rnych dr\u00f3g oddechowych, chorobie wrzodowej \u017co\u0142\u0105dka i dwunastnicy, stanach obni\u017conej odporno\u015bci.<\/p>\n<p><strong>Zewn\u0119trznie<\/strong> (w postaci <a href=\"https:\/\/apidar.pl\/de\/produkt\/masc-propolisowa\/\">ma\u015bci<\/a>, krem\u00f3w, zasypek, globulek) propolis u\u017cywany jest m.in. na trudno goj\u0105ce si\u0119 rany, owrzodzenia, oparzenia, \u017cylaki, czyraki,\u00a0 a tak\u017ce w schorzeniach ginekologicznych.<\/p>\n<p><strong>Przeciwwskazania<\/strong><br \/>\nNie stosowa\u0107 u os\u00f3b uczulonych na produkty pszczele. Nie nale\u017cy przekracza\u0107 zalecanej dziennej porcji.<\/p>\n<p><strong>Przechowywanie<\/strong><br \/>\nPrzechowywa\u0107 w temperaturze pokojowej, w spos\u00f3b niedost\u0119pny dla ma\u0142ych dzieci, chroni\u0107 przed \u015bwiat\u0142em.<\/p>","protected":false},"excerpt":{"rendered":"<p>Naturalne <a href=\"https:\/\/apidar.pl\/de\/produkt\/krople-propolisowe\/\">krople propolisowe<\/a><\/p>\n<p>Produkt stworzony z my\u015bl\u0105\u00a0 o wzmocnieniu twojego uk\u0142adu odporno\u015bciowego.<br \/>\nPreparat mo\u017ce by\u0107 stosowany w przypadku przezi\u0119bie\u0144, stan\u00f3w grypowych i innych infekcji wirusowych, w zaka\u017ceniach bakteryjnych i grzybicznych (m.in. g\u00f3rnych dr\u00f3g oddechowych), w chorobach zwi\u0105zanych ze stanem zapalnym zar\u00f3wno miejscowym, jak i uog\u00f3lnionym (m.in. w chorobie wrzodowej \u017co\u0142\u0105dka i dwunastnicy).<\/p>\n<p>Naturalna <a href=\"https:\/\/apidar.pl\/de\/produkt\/masc-propolisowa\/\">ma\u015b\u0107 propolisowa<\/a>.<\/p>\n<p>Ma\u015b\u0107 propolisowa dzia\u0142a korzystnie w trudno goj\u0105cych si\u0119 ranach oraz zaburzeniach troficznych sk\u00f3ry. Skraca czas gojenia si\u0119 uszkodze\u0144 sk\u00f3ry przyspieszaj\u0105c regeneracj\u0119 tkanek. Dzia\u0142a przeciwb\u00f3lowo i przeciwzapalnie. Domowe panaceum na st\u0142uczenia, oparzenia i rany.\u00a0 W 100% naturalna bez konserwant\u00f3w i dodatk\u00f3w chemicznych.<\/p>\n<p>Minimalna zawarto\u015b\u0107 propolisu 15%.<\/p>","protected":false},"featured_media":242,"template":"","meta":[],"product_brand":[],"product_cat":[24],"product_tag":[],"class_list":{"0":"post-236","1":"product","2":"type-product","3":"status-publish","4":"has-post-thumbnail","6":"product_cat-zdrowie","7":"product_shipping_class-zdrowie","9":"first","10":"onbackorder","11":"taxable","12":"shipping-taxable","13":"purchasable","14":"product-type-simple"},"_links":{"self":[{"href":"https:\/\/apidar.pl\/de\/wp-json\/wp\/v2\/product\/236","targetHints":{"allow":["GET"]}}],"collection":[{"href":"https:\/\/apidar.pl\/de\/wp-json\/wp\/v2\/product"}],"about":[{"href":"https:\/\/apidar.pl\/de\/wp-json\/wp\/v2\/types\/product"}],"wp:featuredmedia":[{"embeddable":true,"href":"https:\/\/apidar.pl\/de\/wp-json\/wp\/v2\/media\/242"}],"wp:attachment":[{"href":"https:\/\/apidar.pl\/de\/wp-json\/wp\/v2\/media?parent=236"}],"wp:term":[{"taxonomy":"product_brand","embeddable":true,"href":"https:\/\/apidar.pl\/de\/wp-json\/wp\/v2\/product_brand?post=236"},{"taxonomy":"product_cat","embeddable":true,"href":"https:\/\/apidar.pl\/de\/wp-json\/wp\/v2\/product_cat?post=236"},{"taxonomy":"product_tag","embeddable":true,"href":"https:\/\/apidar.pl\/de\/wp-json\/wp\/v2\/product_tag?post=236"}],"curies":[{"name":"wp","href":"https:\/\/api.w.org\/{rel}","templated":true}]}}