{"id":22,"date":"2020-06-02T14:16:35","date_gmt":"2020-06-02T12:16:35","guid":{"rendered":"https:\/\/apidar.pl\/?post_type=product&#038;p=22"},"modified":"2026-02-08T22:11:06","modified_gmt":"2026-02-08T21:11:06","slug":"miod-rzepakowy-1250g","status":"publish","type":"product","link":"https:\/\/apidar.pl\/de\/produkt\/miod-rzepakowy-1250g\/","title":{"rendered":"Rapshonig 1250g"},"content":{"rendered":"<h4><!--<span style=\"color:#ff0000;\">Uwaga!!!<\/span><\/h4>\n\n\n<span style=\"color:#ff0000;\">Niski stan magazynowy.&nbsp; Wy\u015blij zapytanie o dost\u0119pno\u015b\u0107 towaru na magazynie.<\/span>\n\n--><\/h4>\n<h4>Ernte und Farbe<\/h4>\n<p class=\"translation-block\">Rapshonig wird aus dem Nektar von Rapsbl\u00fcten (Brassica napus L.) gewonnen. Dieser Honig ist Fr\u00fchlingshonig, der an der Wende von April und Mai gewonnen wird.<br>\nIm fl\u00fcssigen Zustand (Patoka) ist Rapshonig nahezu farblos oder leicht strohgelb mit einem gr\u00fcnlichen Schimmer, je nachdem, aus welchen Pflanzen er gewonnen wurde.<br>\nNach der Kristallisation verf\u00e4rbt sich der Honig wei\u00df oder cremegrau. Aufgrund des gro\u00dfen \u00dcberwiegens des Einfachzuckers Glucose gegen\u00fcber Fructose und des geringen Wassergehalts (durchschnittlich 17,7 %) kristallisiert dieser Honig sehr schnell.<\/p>\n<h4>F\u00fcr wen?<\/h4>\n<p>Rapshonig eignet sich am besten f\u00fcr:<\/p>\n<ul>\n<li>Leber und Gallenwege<\/li>\n<li>Herz und Herzkranzgef\u00e4\u00dfe<br \/>\nAufgrund des hohen Gehalts an Einfachzuckern, haupts\u00e4chlich Glukose und Fruktose, ist dieser Honig n\u00fctzlich bei Herzerkrankungen, vor allem Herzkranzgef\u00e4\u00dfen und dem Kreislaufsystem. Sobald Glukose in den Blutkreislauf aufgenommen wird, verst\u00e4rkt sie die St\u00e4rke der Herzmuskelkontraktionen und erweitert die Blutgef\u00e4\u00dfe, was zu einer besseren Versorgung des Herzens mit Sauerstoff und N\u00e4hrstoffen beitr\u00e4gt.<\/li>\n<li>Entz\u00fcndung der Atemwege<\/li>\n<\/ul>","protected":false},"excerpt":{"rendered":"<p class=\"translation-block\">Bei diesem Honig handelt es sich um Fr\u00fchlingshonig, der an der Wende von April und Mai gewonnen wird.<br>\nIm fl\u00fcssigen Zustand (Patoka) ist Rapshonig nahezu farblos oder leicht strohgelb mit einem gr\u00fcnlichen Schimmer, je nachdem, aus welchen Pflanzen er gewonnen wurde.<\/p>","protected":false},"featured_media":23,"template":"","meta":[],"product_brand":[],"product_cat":[19],"product_tag":[],"class_list":{"0":"post-22","1":"product","2":"type-product","3":"status-publish","4":"has-post-thumbnail","6":"product_cat-miod","8":"first","9":"outofstock","10":"taxable","11":"shipping-taxable","12":"purchasable","13":"product-type-simple"},"_links":{"self":[{"href":"https:\/\/apidar.pl\/de\/wp-json\/wp\/v2\/product\/22","targetHints":{"allow":["GET"]}}],"collection":[{"href":"https:\/\/apidar.pl\/de\/wp-json\/wp\/v2\/product"}],"about":[{"href":"https:\/\/apidar.pl\/de\/wp-json\/wp\/v2\/types\/product"}],"wp:featuredmedia":[{"embeddable":true,"href":"https:\/\/apidar.pl\/de\/wp-json\/wp\/v2\/media\/23"}],"wp:attachment":[{"href":"https:\/\/apidar.pl\/de\/wp-json\/wp\/v2\/media?parent=22"}],"wp:term":[{"taxonomy":"product_brand","embeddable":true,"href":"https:\/\/apidar.pl\/de\/wp-json\/wp\/v2\/product_brand?post=22"},{"taxonomy":"product_cat","embeddable":true,"href":"https:\/\/apidar.pl\/de\/wp-json\/wp\/v2\/product_cat?post=22"},{"taxonomy":"product_tag","embeddable":true,"href":"https:\/\/apidar.pl\/de\/wp-json\/wp\/v2\/product_tag?post=22"}],"curies":[{"name":"wp","href":"https:\/\/api.w.org\/{rel}","templated":true}]}}