{"id":218,"date":"2020-11-02T08:20:59","date_gmt":"2020-11-02T07:20:59","guid":{"rendered":"https:\/\/apidar.pl\/?post_type=product&#038;p=218"},"modified":"2022-06-08T23:35:00","modified_gmt":"2022-06-08T21:35:00","slug":"krople-propolisowe","status":"publish","type":"product","link":"https:\/\/apidar.pl\/de\/produkt\/krople-propolisowe\/","title":{"rendered":"Krople propolisowe"},"content":{"rendered":"<p><strong>Czym jest propolis?<\/strong><br \/>\nPropolis jest produktem o z\u0142o\u017conym sk\u0142adzie produktowym. Produkowany jest przez pszczo\u0142y z kitu pszczelego i balsamu py\u0142kowego. G\u0142\u00f3wnymi sk\u0142adnikami bioaktywnymi propolisu s\u0105 polifenole (flawonoidy i fenolokwasy) oraz terpenoidy (mono-, tri-, seskwiterpeny i steroidy).<\/p>\n<p><strong>Zastosowanie<br \/>\n<\/strong>Propolis jest stosowany wewn\u0119trznie w postaci nalewek i wyci\u0105g\u00f3w, m.in. w leczeniu infekcji g\u00f3rnych dr\u00f3g oddechowych, chorobie wrzodowej \u017co\u0142\u0105dka i dwunastnicy, stanach obni\u017conej odporno\u015bci.<br \/>\nZewn\u0119trznie (w postaci <a href=\"https:\/\/apidar.pl\/de\/produkt\/masc-propolisowa\/\">ma\u015bci<\/a>, krem\u00f3w, zasypek, globulek) propolis u\u017cywany jest m.in. na trudno goj\u0105ce si\u0119 rany, owrzodzenia, oparzenia, \u017cylaki, czyraki,\u00a0 a tak\u017ce w schorzeniach ginekologicznych.<\/p>\n<p><strong>Przeciwwskazania<\/strong><br \/>\nNie stosowa\u0107 u os\u00f3b uczulonych na produkty pszczele. Nie nale\u017cy przekracza\u0107 zalecanej dziennej porcji.<\/p>\n<p><strong>Stosowanie<\/strong><br \/>\n1\/2 \u0142y\u017ceczki (20-25 kropli) produktu rozpu\u015bci\u0107 w niewielkiej ilo\u015bci wody (50 ml). Stosowa\u0107 trzy razy dziennie.<br \/>\n5-10 kropli z niewielk\u0105 ilo\u015bci\u0105 miodu.<\/p>\n<p><strong>Przechowywanie<\/strong><br \/>\nPrzechowywa\u0107 w temperaturze pokojowej, w spos\u00f3b niedost\u0119pny dla ma\u0142ych dzieci, chroni\u0107 przed \u015bwiat\u0142em.<\/p>","protected":false},"excerpt":{"rendered":"<p>Naturalne krople propolisowe, stworzone z my\u015bl\u0105\u00a0 o wzmocnieniu twojego uk\u0142adu odporno\u015bciowego.<br \/>\nPreparat mo\u017ce by\u0107 stosowany w przypadku przezi\u0119bie\u0144, stan\u00f3w grypowych i innych infekcji wirusowych, w zaka\u017ceniach bakteryjnych i grzybicznych (m.in. g\u00f3rnych dr\u00f3g oddechowych), w chorobach zwi\u0105zanych ze stanem zapalnym zar\u00f3wno miejscowym, jak i uog\u00f3lnionym (m.in. w chorobie wrzodowej \u017co\u0142\u0105dka i dwunastnicy).<\/p>","protected":false},"featured_media":231,"template":"","meta":[],"product_brand":[],"product_cat":[24],"product_tag":[],"class_list":{"0":"post-218","1":"product","2":"type-product","3":"status-publish","4":"has-post-thumbnail","6":"product_cat-zdrowie","7":"product_shipping_class-zdrowie","9":"first","10":"onbackorder","11":"taxable","12":"shipping-taxable","13":"purchasable","14":"product-type-simple"},"_links":{"self":[{"href":"https:\/\/apidar.pl\/de\/wp-json\/wp\/v2\/product\/218","targetHints":{"allow":["GET"]}}],"collection":[{"href":"https:\/\/apidar.pl\/de\/wp-json\/wp\/v2\/product"}],"about":[{"href":"https:\/\/apidar.pl\/de\/wp-json\/wp\/v2\/types\/product"}],"wp:featuredmedia":[{"embeddable":true,"href":"https:\/\/apidar.pl\/de\/wp-json\/wp\/v2\/media\/231"}],"wp:attachment":[{"href":"https:\/\/apidar.pl\/de\/wp-json\/wp\/v2\/media?parent=218"}],"wp:term":[{"taxonomy":"product_brand","embeddable":true,"href":"https:\/\/apidar.pl\/de\/wp-json\/wp\/v2\/product_brand?post=218"},{"taxonomy":"product_cat","embeddable":true,"href":"https:\/\/apidar.pl\/de\/wp-json\/wp\/v2\/product_cat?post=218"},{"taxonomy":"product_tag","embeddable":true,"href":"https:\/\/apidar.pl\/de\/wp-json\/wp\/v2\/product_tag?post=218"}],"curies":[{"name":"wp","href":"https:\/\/api.w.org\/{rel}","templated":true}]}}