{"id":8,"date":"2020-06-02T13:33:52","date_gmt":"2020-06-02T11:33:52","guid":{"rendered":"https:\/\/apidar.pl\/koszyk\/"},"modified":"2024-04-16T22:34:43","modified_gmt":"2024-04-16T20:34:43","slug":"koszyk","status":"publish","type":"page","link":"https:\/\/apidar.pl\/de\/koszyk\/","title":{"rendered":"Koszyk"},"content":{"rendered":"<h3 style=\"background: #936037; color: white; border-color: #F39200; border-left-width: 10px; padding: 10px 20px;\"><mark style=\"background-color:rgba(0, 0, 0, 0)\" class=\"has-inline-color has-luminous-vivid-amber-color\">Pers\u00f6nliche Sammlung: Toporzyk, Po\u0142czyn-Zdr\u00f3j, Stettin<\/mark><\/h3>\n\n\n\n\n\n\n<p><\/p>","protected":false},"excerpt":{"rendered":"<p>Pers\u00f6nliche Sammlung: Toporzyk, Po\u0142czyn-Zdr\u00f3j, Stettin<\/p>","protected":false},"author":1,"featured_media":0,"parent":0,"menu_order":0,"comment_status":"closed","ping_status":"closed","template":"","meta":{"footnotes":""},"class_list":["post-8","page","type-page","status-publish","hentry"],"_links":{"self":[{"href":"https:\/\/apidar.pl\/de\/wp-json\/wp\/v2\/pages\/8","targetHints":{"allow":["GET"]}}],"collection":[{"href":"https:\/\/apidar.pl\/de\/wp-json\/wp\/v2\/pages"}],"about":[{"href":"https:\/\/apidar.pl\/de\/wp-json\/wp\/v2\/types\/page"}],"author":[{"embeddable":true,"href":"https:\/\/apidar.pl\/de\/wp-json\/wp\/v2\/users\/1"}],"replies":[{"embeddable":true,"href":"https:\/\/apidar.pl\/de\/wp-json\/wp\/v2\/comments?post=8"}],"version-history":[{"count":6,"href":"https:\/\/apidar.pl\/de\/wp-json\/wp\/v2\/pages\/8\/revisions"}],"predecessor-version":[{"id":1363,"href":"https:\/\/apidar.pl\/de\/wp-json\/wp\/v2\/pages\/8\/revisions\/1363"}],"wp:attachment":[{"href":"https:\/\/apidar.pl\/de\/wp-json\/wp\/v2\/media?parent=8"}],"curies":[{"name":"wp","href":"https:\/\/api.w.org\/{rel}","templated":true}]}}