{"id":2,"date":"2020-06-02T13:30:16","date_gmt":"2020-06-02T11:30:16","guid":{"rendered":"https:\/\/apidar.pl\/?page_id=2"},"modified":"2024-04-19T15:08:18","modified_gmt":"2024-04-19T13:08:18","slug":"o-nas","status":"publish","type":"page","link":"https:\/\/apidar.pl\/de\/o-nas\/","title":{"rendered":"\u00dcber uns"},"content":{"rendered":"<p>Die Imkerei befindet sich in Toporzyk in der Gemeinde Po\u0142czyn-Zdr\u00f3j. Es wurde von Boles\u0142aw Ma\u0144kiewicz gegr\u00fcndet, obwohl ich aus meinem Wissen wei\u00df, dass die Bienen auf dem Bauernhof, dessen Besitzer er Ende der 1950er Jahre wurde, bereits ein untrennbarer Bestandteil dieses Ortes waren. Seitdem sind sie das Markenzeichen der Adresse: \u201eToporzyk 30\u201c.<\/p>\n\n\n\n<p>Seit 2007 firmiert die Imkerei unter dem Namen Apidar und wird von einem dreik\u00f6pfigen Team gef\u00fchrt: Pawe\u0142, Ania und Gosia. <\/p>\n\n\n\n<p class=\"translation-block\">Der Name wurde von Ania (<em>apis<\/em> lateinisch Biene + Geschenk) erfunden, sie entfernte das s und es entstand apidar \u2013 unsere Qualit\u00e4tsleiterin, beruflich eine Dame aus Sanepid und privat meine Frau.<br><br><\/p>\n\n\n\n<blockquote class=\"wp-block-quote is-layout-flow wp-block-quote-is-layout-flow\">\n<p>Wenn du etwas tust, dann mach es gut <\/p>\n<\/blockquote>\n\n\n\n<p>W\u00e4hrend der Zeit der selbst\u00e4ndigen F\u00fchrung des Bienenhauses ist es uns gelungen, das Bienenhaus deutlich zu modernisieren. Mehr als die H\u00e4lfte der Bienenst\u00f6cke in unserem Bienenhaus sind Styropor-Bienenst\u00f6cke (Bienenst\u00f6cke von Unternehmen aus Wielkopolska). <a href=\"https:\/\/www.burnat.com.pl\/\" target=\"_blank\" rel=\"noreferrer noopener\">Burnat<\/a>). Na prac\u0119 w pasiece po\u015bwi\u0119camy sporo czasu bo wychodzimy z za\u0142o\u017cenia, \u017ce je\u015bli chcesz co\u015b robi\u0107 to r\u00f3b to dobrze. Dzi\u0119ki naszej pracy i wytrwa\u0142o\u015bci uda\u0142o si\u0119 nam i naszej paromilionowej &#8222;armii pracownik\u00f3w&#8221; stworzy\u0107 produkt najwy\u017cszej jako\u015bci, kt\u00f3ry z roku na rok ma coraz wi\u0119ksz\u0105 ilo\u015b\u0107 wielbicieli.<\/p>\n\n\n<div class=\"wp-block-image\">\n<figure class=\"aligncenter size-large\"><img fetchpriority=\"high\" decoding=\"async\" width=\"1024\" height=\"768\" src=\"https:\/\/apidar.pl\/wp-content\/uploads\/2022\/04\/IMG_1326-1024x768.jpg\" alt=\"\" class=\"wp-image-457\" srcset=\"https:\/\/apidar.pl\/wp-content\/uploads\/2022\/04\/IMG_1326-1024x768.jpg 1024w, https:\/\/apidar.pl\/wp-content\/uploads\/2022\/04\/IMG_1326-300x225.jpg 300w, https:\/\/apidar.pl\/wp-content\/uploads\/2022\/04\/IMG_1326-768x576.jpg 768w, https:\/\/apidar.pl\/wp-content\/uploads\/2022\/04\/IMG_1326-324x243.jpg 324w, https:\/\/apidar.pl\/wp-content\/uploads\/2022\/04\/IMG_1326-416x312.jpg 416w, https:\/\/apidar.pl\/wp-content\/uploads\/2022\/04\/IMG_1326.jpg 1462w\" sizes=\"(max-width: 1024px) 100vw, 1024px\" \/><\/figure>\n<\/div>\n\n\n<p class=\"has-text-align-left\">Wir haben wahrscheinlich die sch\u00f6nste Werkstatt unter den kleinen Imkereibetrieben geschaffen, in der unsere Produkte hergestellt werden, und wir haben noch Ideen, was wir sonst noch aus Bienenprodukten herstellen k\u00f6nnten.<\/p>\n\n\n<div class=\"wp-block-image\">\n<figure class=\"aligncenter size-large\"><img decoding=\"async\" width=\"1024\" height=\"768\" src=\"https:\/\/apidar.pl\/wp-content\/uploads\/2022\/04\/IMG_1841-1024x768.jpg\" alt=\"\" class=\"wp-image-456\" srcset=\"https:\/\/apidar.pl\/wp-content\/uploads\/2022\/04\/IMG_1841-1024x768.jpg 1024w, https:\/\/apidar.pl\/wp-content\/uploads\/2022\/04\/IMG_1841-300x225.jpg 300w, https:\/\/apidar.pl\/wp-content\/uploads\/2022\/04\/IMG_1841-768x576.jpg 768w, https:\/\/apidar.pl\/wp-content\/uploads\/2022\/04\/IMG_1841-324x243.jpg 324w, https:\/\/apidar.pl\/wp-content\/uploads\/2022\/04\/IMG_1841-416x312.jpg 416w, https:\/\/apidar.pl\/wp-content\/uploads\/2022\/04\/IMG_1841.jpg 1462w\" sizes=\"(max-width: 1024px) 100vw, 1024px\" \/><\/figure>\n<\/div>","protected":false},"excerpt":{"rendered":"<p>Pasieka zlokalizowana jest w miejscowo\u015bci Toporzyk w gminie Po\u0142czyn-Zdr\u00f3j. Za\u0142o\u017cona zosta\u0142a przez Boles\u0142awa Ma\u0144kiewicza, cho\u0107 z wiedzy jak\u0105 posiadam, wiem, \u017ce pszczo\u0142y na gospodarstwie, kt\u00f3rego sta\u0142 si\u0119 w\u0142a\u015bcicielem pod koniec lat 50-tych by\u0142y ju\u017c nieod\u0142\u0105cznym elementem tej lokalizacji. Od tamtej pory s\u0105 znakiem rozpoznawczym adresu: &#8222;Toporzyk 30&#8221;. Od 2007 pasieka dzia\u0142a pod nazw\u0105 Apidar i [&hellip;]<\/p>","protected":false},"author":1,"featured_media":0,"parent":0,"menu_order":0,"comment_status":"closed","ping_status":"closed","template":"","meta":{"footnotes":""},"class_list":["post-2","page","type-page","status-publish","hentry"],"_links":{"self":[{"href":"https:\/\/apidar.pl\/de\/wp-json\/wp\/v2\/pages\/2","targetHints":{"allow":["GET"]}}],"collection":[{"href":"https:\/\/apidar.pl\/de\/wp-json\/wp\/v2\/pages"}],"about":[{"href":"https:\/\/apidar.pl\/de\/wp-json\/wp\/v2\/types\/page"}],"author":[{"embeddable":true,"href":"https:\/\/apidar.pl\/de\/wp-json\/wp\/v2\/users\/1"}],"replies":[{"embeddable":true,"href":"https:\/\/apidar.pl\/de\/wp-json\/wp\/v2\/comments?post=2"}],"version-history":[{"count":25,"href":"https:\/\/apidar.pl\/de\/wp-json\/wp\/v2\/pages\/2\/revisions"}],"predecessor-version":[{"id":1365,"href":"https:\/\/apidar.pl\/de\/wp-json\/wp\/v2\/pages\/2\/revisions\/1365"}],"wp:attachment":[{"href":"https:\/\/apidar.pl\/de\/wp-json\/wp\/v2\/media?parent=2"}],"curies":[{"name":"wp","href":"https:\/\/api.w.org\/{rel}","templated":true}]}}