{"id":11,"date":"2020-06-02T13:43:25","date_gmt":"2020-06-02T11:43:25","guid":{"rendered":"https:\/\/apidar.pl\/?page_id=11"},"modified":"2024-06-11T14:29:18","modified_gmt":"2024-06-11T12:29:18","slug":"miod-prosto-z-pasieki","status":"publish","type":"page","link":"https:\/\/apidar.pl\/de\/","title":{"rendered":"Strona g\u0142\u00f3wna"},"content":{"rendered":"<div class=\"alignfull\"><div id=\"metaslider-id-93\" style=\"width: 100%; margin: 0 auto;\" class=\"ml-slider-3-104-0 metaslider metaslider-flex metaslider-93 ml-slider has-carousel-mode ms-theme-cubic nav-hidden\" role=\"region\" aria-label=\"New Slideshow\" data-height=\"480\" data-width=\"640\">\n    <div id=\"metaslider_container_93\">\n        <div id=\"metaslider_93\" class=\"flexslider\">\n            <ul class='slides'>\n                <li style=\"display: none; width: 100%;\" class=\"slide-511 ms-image\" aria-roledescription=\"slide\" data-date=\"2022-06-06 23:00:37\" data-filename=\"facelia_pole-640x480.jpg\" data-slide-type=\"image\"><a href=\"https:\/\/apidar.pl\/de\/produkt\/miod-faceliowy\/\" target=\"_self\" aria-label=\"Mi\u00f3d nektarowy faceliowy\" class=\"metaslider_image_link\"><img fetchpriority=\"high\" decoding=\"async\" src=\"https:\/\/apidar.pl\/wp-content\/uploads\/2022\/06\/facelia_pole-640x480.jpg\" height=\"480\" width=\"640\" alt=\"Mi\u00f3d nektarowy z facelii b\u0142\u0119kitnej\" class=\"slider-93 slide-511 msDefaultImage\" title=\"Mi\u00f3d nektarowy faceliowych\" \/><\/a><\/li>\n                <li style=\"display: none; width: 100%;\" class=\"slide-1388 ms-image\" aria-roledescription=\"slide\" data-date=\"2024-06-03 23:45:31\" data-filename=\"bees-640x480.jpg\" data-slide-type=\"image\"><a href=\"https:\/\/apidar.pl\/de\/produkt\/miod-wielokwiatowy-1250g\/\" target=\"_self\" aria-label=\"Mi\u00f3d nektarowy wielokwiatowy prosto z pasieki\" class=\"metaslider_image_link\"><img decoding=\"async\" src=\"https:\/\/apidar.pl\/wp-content\/uploads\/2024\/06\/bees-640x480.jpg\" height=\"480\" width=\"640\" alt=\"Mi\u00f3d nektarowy wielokwiatowy prosto z pasieki\" class=\"slider-93 slide-1388 msDefaultImage\" title=\"Mi\u00f3d nektarowy wielokwiatowy prosto z pasieki\" \/><\/a><\/li>\n                <li style=\"display: none; width: 100%;\" class=\"slide-324 ms-image\" aria-roledescription=\"slide\" data-date=\"2021-07-07 16:58:42\" data-filename=\"APIDAR_RAMKA_MIOD_1920x750-640x480.jpg\" data-slide-type=\"image\"><a href=\"https:\/\/apidar.pl\/de\/produkt\/miod-wielokwiatowy-1250g\/\" target=\"_self\" aria-label=\"Naturalny polski mi\u00f3d nektarowy wielokwiatowy\" class=\"metaslider_image_link\"><img decoding=\"async\" src=\"https:\/\/apidar.pl\/wp-content\/uploads\/2021\/07\/APIDAR_RAMKA_MIOD_1920x750-640x480.jpg\" height=\"480\" width=\"640\" alt=\"Naturalny polski mi\u00f3d nektarowy wielokwiatowy\" class=\"slider-93 slide-324 msDefaultImage\" title=\"Naturalny polski mi\u00f3d nektarowy wielokwiatowy\" \/><\/a><\/li>\n                <li style=\"display: none; width: 100%;\" class=\"slide-203 ms-image\" aria-roledescription=\"slide\" data-date=\"2020-08-10 17:14:16\" data-filename=\"APIDAR_LATO_2020-e1654549883389-640x480.jpg\" data-slide-type=\"image\"><a href=\"https:\/\/apidar.pl\/de\/o-nas\/\" target=\"_self\" aria-label=\"Wi\u0119cej informacji o pasiece Apidar\" class=\"metaslider_image_link\"><img loading=\"lazy\" decoding=\"async\" src=\"https:\/\/apidar.pl\/wp-content\/uploads\/2020\/08\/APIDAR_LATO_2020-e1654549883389-640x480.jpg\" height=\"480\" width=\"640\" alt=\"Apidar - mi\u00f3d prosto z pasieki\" class=\"slider-93 slide-203 msDefaultImage\" title=\"Pasieka Apidar, Toporzyk w gminie Po\u0142czyn-Zdr\u00f3j\" \/><\/a><\/li>\n                <li style=\"display: none; width: 100%;\" class=\"slide-94 ms-image\" aria-roledescription=\"slide\" data-date=\"2020-06-04 14:15:47\" data-filename=\"IMG_0957-640x480.jpg\" data-slide-type=\"image\"><a href=\"https:\/\/apidar.pl\/de\/produkt\/miod-rzepakowy-1250g\/\" target=\"_self\" aria-label=\"Naturalny polski mi\u00f3d nektarowy rzepakowy\" class=\"metaslider_image_link\"><img loading=\"lazy\" decoding=\"async\" src=\"https:\/\/apidar.pl\/wp-content\/uploads\/2020\/06\/IMG_0957-640x480.jpg\" height=\"480\" width=\"640\" alt=\"MI\u00f3d pszczeli nektarowy rzepakowy z polskiej pasieki\" class=\"slider-93 slide-94 msDefaultImage\" title=\"Miod pszczeli nektarowy rzepakowy z polskiej pasieki\" \/><\/a><\/li>\n                <li style=\"display: none; width: 100%;\" class=\"slide-114 ms-image\" aria-roledescription=\"slide\" data-date=\"2020-06-05 12:42:34\" data-filename=\"PASIEKA_15-640x480.jpg\" data-slide-type=\"image\"><a href=\"https:\/\/apidar.pl\/de\/o-nas\/\" target=\"_self\" aria-label=\"Przeczytaj o naszej pasiece\" class=\"metaslider_image_link\"><img loading=\"lazy\" decoding=\"async\" src=\"https:\/\/apidar.pl\/wp-content\/uploads\/2020\/06\/PASIEKA_15-640x480.jpg\" height=\"480\" width=\"640\" alt=\"Miod z polskiej pasieki, , prosto od pszczelarza. . Tereny Pojezierza Drawskiego i Szwajcarii Po\u0142czy\u0144skiej\" class=\"slider-93 slide-114 msDefaultImage\" title=\"Miod z polskiej pasieki, prosto od pszczelarza. Tereny Pojezierza Drawskiego i Szwajcarii Po\u0142czy\u0144skiej\" \/><\/a><\/li>\n                <li style=\"display: none; width: 100%;\" class=\"slide-1091 ms-image\" aria-roledescription=\"slide\" data-date=\"2024-03-14 23:15:36\" data-filename=\"sloiki_z_miodem-640x480.jpg\" data-slide-type=\"image\"><a href=\"https:\/\/apidar.pl\/de\/produkt\/miod-lipowy-1250g\/\" target=\"_self\" aria-label=\"Mi\u00f3d nektarowy lipowy prosto od pszczelarza\" class=\"metaslider_image_link\"><img loading=\"lazy\" decoding=\"async\" src=\"https:\/\/apidar.pl\/wp-content\/uploads\/2024\/03\/sloiki_z_miodem-640x480.jpg\" height=\"480\" width=\"640\" alt=\"Prawdziwy miod z polskiej pasieki\" class=\"slider-93 slide-1091 msDefaultImage\" title=\"Prawdziwy miod z polskiej pasieki\" \/><\/a><\/li>\n                <li style=\"display: none; width: 100%;\" class=\"slide-1092 ms-image\" aria-roledescription=\"slide\" data-date=\"2024-03-14 23:16:20\" data-filename=\"rzepak-640x480.jpg\" data-slide-type=\"image\"><a href=\"https:\/\/apidar.pl\/de\/produkt\/miod-rzepakowy-1250g\/\" target=\"_self\" aria-label=\"Naturalny mi\u00f3d nektarowy rzepakowy. Prosto z polskiej pasieki. Wspieraj polskie pszczelarstwo\" class=\"metaslider_image_link\"><img loading=\"lazy\" decoding=\"async\" src=\"https:\/\/apidar.pl\/wp-content\/uploads\/2024\/03\/rzepak-640x480.jpg\" height=\"480\" width=\"640\" alt=\"Prawdziwy miod z polskiej pasieki. Wspieraj polskie pszczelarstwo.\" class=\"slider-93 slide-1092 msDefaultImage\" title=\"Prawdziwy miod z polskiej pasieki. Wspieraj polskie pszczelarstwo.\" \/><\/a><\/li>\n                <li style=\"display: none; width: 100%;\" class=\"slide-1093 ms-image\" aria-roledescription=\"slide\" data-date=\"2024-03-14 23:16:36\" data-filename=\"facelia_roslina-640x480.jpg\" data-slide-type=\"image\"><a href=\"https:\/\/apidar.pl\/de\/produkt\/miod-faceliowy\/\" target=\"_self\" aria-label=\"Mi\u00f3d nektarowy faceliowy z polskiej pasieki. Prosto od pszczelarza.\" class=\"metaslider_image_link\"><img loading=\"lazy\" decoding=\"async\" src=\"https:\/\/apidar.pl\/wp-content\/uploads\/2022\/06\/facelia_roslina-640x480.jpg\" height=\"480\" width=\"640\" alt=\"Mi\u00f3d nektarowy faceliowy z polskiej pasieki. Prosto od pszczelarza.\" class=\"slider-93 slide-1093 msDefaultImage\" title=\"Mi\u00f3d nektarowy faceliowy z polskiej pasieki. Prosto od pszczelarza.\" \/><\/a><\/li>\n            <\/ul>\n        <\/div>\n        \n    <\/div>\n<\/div><\/div>\n\n\n<div data-align-buttons=\"true\" data-block-name=\"woocommerce\/product-category\" data-categories=\"[19,24]\" data-columns=\"4\" data-content-visibility=\"{&quot;title&quot;:true,&quot;price&quot;:true,&quot;rating&quot;:false,&quot;button&quot;:true}\" data-orderby=\"popularity\" class=\"wc-block-grid wp-block-product-category wp-block-woocommerce-product-category wc-block-product-category has-4-columns has-multiple-rows has-aligned-buttons\"><ul class=\"wc-block-grid__products\"><li class=\"wc-block-grid__product\">\n\t\t\t\t<a href=\"https:\/\/apidar.pl\/de\/produkt\/miod-wielokwiatowy-1250g\/\" class=\"wc-block-grid__product-link\">\n\t\t\t\t\t\n\t\t\t\t\t<div class=\"wc-block-grid__product-image\"><img loading=\"lazy\" decoding=\"async\" width=\"324\" height=\"437\" src=\"https:\/\/apidar.pl\/wp-content\/uploads\/2020\/06\/wielokwiatowy-324x437.png\" class=\"attachment-woocommerce_thumbnail size-woocommerce_thumbnail\" alt=\"Mi\u00f3d wielokwiatowy\" srcset=\"https:\/\/apidar.pl\/wp-content\/uploads\/2020\/06\/wielokwiatowy-324x437.png 324w, https:\/\/apidar.pl\/wp-content\/uploads\/2020\/06\/wielokwiatowy-222x300.png 222w, https:\/\/apidar.pl\/wp-content\/uploads\/2020\/06\/wielokwiatowy-759x1024.png 759w, https:\/\/apidar.pl\/wp-content\/uploads\/2020\/06\/wielokwiatowy-416x561.png 416w, https:\/\/apidar.pl\/wp-content\/uploads\/2020\/06\/wielokwiatowy.png 768w\" sizes=\"(max-width: 324px) 100vw, 324px\" \/><\/div>\n\t\t\t\t\t<div class=\"wc-block-grid__product-title\">Mehrbl\u00fctiger Honig<\/div>\n\t\t\t\t<\/a>\n\t\t\t\t<div class=\"wc-block-grid__product-price price\"><span class=\"woocommerce-Price-amount amount\">45,00&nbsp;<span class=\"woocommerce-Price-currencySymbol\">&#122;&#322;<\/span><\/span><\/div>\n\t\t\t\t\n\t\t\t\t<div class=\"wp-block-button wc-block-grid__product-add-to-cart\"><a href=\"https:\/\/apidar.pl\/de\/produkt\/miod-wielokwiatowy-1250g\/\" aria-label=\"W\u00e4hle Optionen f\u00fcr \u201eMi\u00f3d wielokwiatowy\u201c\" data-quantity=\"1\" data-product_id=\"28\" data-product_sku=\"WIELOKWIAT1250\" data-price=\"45\" rel=\"nofollow\" class=\"wp-block-button__link  add_to_cart_button\">Ausf\u00fchrung w\u00e4hlen<\/a><\/div>\n\t\t\t<\/li><li class=\"wc-block-grid__product\">\n\t\t\t\t<a href=\"https:\/\/apidar.pl\/de\/produkt\/miod-lipowy-1250g\/\" class=\"wc-block-grid__product-link\">\n\t\t\t\t\t\n\t\t\t\t\t<div class=\"wc-block-grid__product-image\"><img loading=\"lazy\" decoding=\"async\" width=\"324\" height=\"437\" src=\"https:\/\/apidar.pl\/wp-content\/uploads\/2020\/06\/lipowy2-324x437.png\" class=\"attachment-woocommerce_thumbnail size-woocommerce_thumbnail\" alt=\"Mi\u00f3d lipowy 1250g\" srcset=\"https:\/\/apidar.pl\/wp-content\/uploads\/2020\/06\/lipowy2-324x437.png 324w, https:\/\/apidar.pl\/wp-content\/uploads\/2020\/06\/lipowy2-222x300.png 222w, https:\/\/apidar.pl\/wp-content\/uploads\/2020\/06\/lipowy2-759x1024.png 759w, https:\/\/apidar.pl\/wp-content\/uploads\/2020\/06\/lipowy2-416x561.png 416w, https:\/\/apidar.pl\/wp-content\/uploads\/2020\/06\/lipowy2.png 768w\" sizes=\"(max-width: 324px) 100vw, 324px\" \/><\/div>\n\t\t\t\t\t<div class=\"wc-block-grid__product-title\">Limettenhonig 1250g<\/div>\n\t\t\t\t<\/a>\n\t\t\t\t<div class=\"wc-block-grid__product-price price\"><span class=\"woocommerce-Price-amount amount\">55,00&nbsp;<span class=\"woocommerce-Price-currencySymbol\">&#122;&#322;<\/span><\/span><\/div>\n\t\t\t\t\n\t\t\t\t<div class=\"wp-block-button wc-block-grid__product-add-to-cart\"><a href=\"https:\/\/apidar.pl\/de\/produkt\/miod-lipowy-1250g\/\" aria-label=\"W\u00e4hle Optionen f\u00fcr \u201eMi\u00f3d lipowy 1250g\u201c\" data-quantity=\"1\" data-product_id=\"30\" data-product_sku=\"LIPOWY1250\" data-price=\"55\" rel=\"nofollow\" class=\"wp-block-button__link  add_to_cart_button\">Ausf\u00fchrung w\u00e4hlen<\/a><\/div>\n\t\t\t<\/li><li class=\"wc-block-grid__product\">\n\t\t\t\t<a href=\"https:\/\/apidar.pl\/de\/produkt\/miod-rzepakowy-1250g\/\" class=\"wc-block-grid__product-link\">\n\t\t\t\t\t\n\t\t\t\t\t<div class=\"wc-block-grid__product-image\"><img loading=\"lazy\" decoding=\"async\" width=\"324\" height=\"437\" src=\"https:\/\/apidar.pl\/wp-content\/uploads\/2020\/06\/rzepakowy-324x437.png\" class=\"attachment-woocommerce_thumbnail size-woocommerce_thumbnail\" alt=\"Mi\u00f3d rzepakowy 1250g\" srcset=\"https:\/\/apidar.pl\/wp-content\/uploads\/2020\/06\/rzepakowy-324x437.png 324w, https:\/\/apidar.pl\/wp-content\/uploads\/2020\/06\/rzepakowy-222x300.png 222w, https:\/\/apidar.pl\/wp-content\/uploads\/2020\/06\/rzepakowy-759x1024.png 759w, https:\/\/apidar.pl\/wp-content\/uploads\/2020\/06\/rzepakowy-416x561.png 416w, https:\/\/apidar.pl\/wp-content\/uploads\/2020\/06\/rzepakowy.png 768w\" sizes=\"(max-width: 324px) 100vw, 324px\" \/><\/div>\n\t\t\t\t\t<div class=\"wc-block-grid__product-title\">Rapshonig 1250g<\/div>\n\t\t\t\t<\/a>\n\t\t\t\t<div class=\"wc-block-grid__product-price price\"><span class=\"woocommerce-Price-amount amount\">45,00&nbsp;<span class=\"woocommerce-Price-currencySymbol\">&#122;&#322;<\/span><\/span><\/div>\n\t\t\t\t\n\t\t\t\t<div class=\"wp-block-button wc-block-grid__product-add-to-cart\"><a href=\"https:\/\/apidar.pl\/de\/produkt\/miod-rzepakowy-1250g\/\" aria-label=\"Lese mehr \u00fcber &#8222;Mi\u00f3d rzepakowy 1250g&#8220;\" data-quantity=\"1\" data-product_id=\"22\" data-product_sku=\"RZEPAK1250\" data-price=\"45\" rel=\"nofollow\" class=\"wp-block-button__link  add_to_cart_button\">Weiterlesen<\/a><\/div>\n\t\t\t<\/li><li class=\"wc-block-grid__product\">\n\t\t\t\t<a href=\"https:\/\/apidar.pl\/de\/produkt\/miod-gryczany-1250g\/\" class=\"wc-block-grid__product-link\">\n\t\t\t\t\t\n\t\t\t\t\t<div class=\"wc-block-grid__product-image\"><img loading=\"lazy\" decoding=\"async\" width=\"324\" height=\"437\" src=\"https:\/\/apidar.pl\/wp-content\/uploads\/2020\/06\/gryczany2-324x437.png\" class=\"attachment-woocommerce_thumbnail size-woocommerce_thumbnail\" alt=\"Mi\u00f3d  gryczany 1250g\" srcset=\"https:\/\/apidar.pl\/wp-content\/uploads\/2020\/06\/gryczany2-324x437.png 324w, https:\/\/apidar.pl\/wp-content\/uploads\/2020\/06\/gryczany2-222x300.png 222w, https:\/\/apidar.pl\/wp-content\/uploads\/2020\/06\/gryczany2-759x1024.png 759w, https:\/\/apidar.pl\/wp-content\/uploads\/2020\/06\/gryczany2-416x561.png 416w, https:\/\/apidar.pl\/wp-content\/uploads\/2020\/06\/gryczany2.png 768w\" sizes=\"(max-width: 324px) 100vw, 324px\" \/><\/div>\n\t\t\t\t\t<div class=\"wc-block-grid__product-title\">Buchweizenhonig 1250g<\/div>\n\t\t\t\t<\/a>\n\t\t\t\t<div class=\"wc-block-grid__product-price price\"><span class=\"woocommerce-Price-amount amount\">55,00&nbsp;<span class=\"woocommerce-Price-currencySymbol\">&#122;&#322;<\/span><\/span><\/div>\n\t\t\t\t\n\t\t\t\t<div class=\"wp-block-button wc-block-grid__product-add-to-cart\"><a href=\"https:\/\/apidar.pl\/de\/produkt\/miod-gryczany-1250g\/\" aria-label=\"W\u00e4hle Optionen f\u00fcr \u201eMi\u00f3d  gryczany 1250g\u201c\" data-quantity=\"1\" data-product_id=\"41\" data-product_sku=\"GRYCZANY1250\" data-price=\"55\" rel=\"nofollow\" class=\"wp-block-button__link  add_to_cart_button\">Ausf\u00fchrung w\u00e4hlen<\/a><\/div>\n\t\t\t<\/li><li class=\"wc-block-grid__product\">\n\t\t\t\t<a href=\"https:\/\/apidar.pl\/de\/produkt\/miod-faceliowy\/\" class=\"wc-block-grid__product-link\">\n\t\t\t\t\t\n\t\t\t\t\t<div class=\"wc-block-grid__product-image\"><img loading=\"lazy\" decoding=\"async\" width=\"324\" height=\"437\" src=\"https:\/\/apidar.pl\/wp-content\/uploads\/2022\/06\/faceliowy-324x437.png\" class=\"attachment-woocommerce_thumbnail size-woocommerce_thumbnail\" alt=\"Mi\u00f3d faceliowy 1250g\" srcset=\"https:\/\/apidar.pl\/wp-content\/uploads\/2022\/06\/faceliowy-324x437.png 324w, https:\/\/apidar.pl\/wp-content\/uploads\/2022\/06\/faceliowy-222x300.png 222w, https:\/\/apidar.pl\/wp-content\/uploads\/2022\/06\/faceliowy-759x1024.png 759w, https:\/\/apidar.pl\/wp-content\/uploads\/2022\/06\/faceliowy-416x561.png 416w, https:\/\/apidar.pl\/wp-content\/uploads\/2022\/06\/faceliowy.png 768w\" sizes=\"(max-width: 324px) 100vw, 324px\" \/><\/div>\n\t\t\t\t\t<div class=\"wc-block-grid__product-title\">Phacelia Honig 1250g<\/div>\n\t\t\t\t<\/a>\n\t\t\t\t<div class=\"wc-block-grid__product-price price\"><span class=\"woocommerce-Price-amount amount\">55,00&nbsp;<span class=\"woocommerce-Price-currencySymbol\">&#122;&#322;<\/span><\/span><\/div>\n\t\t\t\t\n\t\t\t\t<div class=\"wp-block-button wc-block-grid__product-add-to-cart\"><a href=\"https:\/\/apidar.pl\/de\/produkt\/miod-faceliowy\/\" aria-label=\"Lese mehr \u00fcber &#8222;Mi\u00f3d faceliowy 1250g&#8220;\" data-quantity=\"1\" data-product_id=\"503\" data-product_sku=\"FACELIA1250\" data-price=\"55\" rel=\"nofollow\" class=\"wp-block-button__link  add_to_cart_button\">Weiterlesen<\/a><\/div>\n\t\t\t<\/li><li class=\"wc-block-grid__product\">\n\t\t\t\t<a href=\"https:\/\/apidar.pl\/de\/produkt\/krople-propolisowe\/\" class=\"wc-block-grid__product-link\">\n\t\t\t\t\t\n\t\t\t\t\t<div class=\"wc-block-grid__product-image\"><img loading=\"lazy\" decoding=\"async\" width=\"324\" height=\"432\" src=\"https:\/\/apidar.pl\/wp-content\/uploads\/2020\/11\/IMG_2087-324x432.jpg\" class=\"attachment-woocommerce_thumbnail size-woocommerce_thumbnail\" alt=\"Krople propolisowe\" srcset=\"https:\/\/apidar.pl\/wp-content\/uploads\/2020\/11\/IMG_2087-324x432.jpg 324w, https:\/\/apidar.pl\/wp-content\/uploads\/2020\/11\/IMG_2087-225x300.jpg 225w, https:\/\/apidar.pl\/wp-content\/uploads\/2020\/11\/IMG_2087-768x1024.jpg 768w, https:\/\/apidar.pl\/wp-content\/uploads\/2020\/11\/IMG_2087-416x555.jpg 416w, https:\/\/apidar.pl\/wp-content\/uploads\/2020\/11\/IMG_2087.jpg 900w\" sizes=\"(max-width: 324px) 100vw, 324px\" \/><\/div>\n\t\t\t\t\t<div class=\"wc-block-grid__product-title\">Krople propolisowe<\/div>\n\t\t\t\t<\/a>\n\t\t\t\t<div class=\"wc-block-grid__product-price price\"><span class=\"woocommerce-Price-amount amount\">35,00&nbsp;<span class=\"woocommerce-Price-currencySymbol\">&#122;&#322;<\/span><\/span><\/div>\n\t\t\t\t\n\t\t\t\t<div class=\"wp-block-button wc-block-grid__product-add-to-cart\"><a href=\"\/de\/wp-json\/wp\/v2\/pages\/11?add-to-cart=218\" aria-label=\"In den Warenkorb legen: \u201eKrople propolisowe\u201c\" data-quantity=\"1\" data-product_id=\"218\" data-product_sku=\"PROPOLISDROP\" data-price=\"35\" rel=\"nofollow\" class=\"wp-block-button__link  add_to_cart_button ajax_add_to_cart\">In den Warenkorb<\/a><\/div>\n\t\t\t<\/li><li class=\"wc-block-grid__product\">\n\t\t\t\t<a href=\"https:\/\/apidar.pl\/de\/produkt\/masc-propolisowa\/\" class=\"wc-block-grid__product-link\">\n\t\t\t\t\t\n\t\t\t\t\t<div class=\"wc-block-grid__product-image\"><img loading=\"lazy\" decoding=\"async\" width=\"324\" height=\"432\" src=\"https:\/\/apidar.pl\/wp-content\/uploads\/2020\/11\/IMG_2086-324x432.jpg\" class=\"attachment-woocommerce_thumbnail size-woocommerce_thumbnail\" alt=\"Ma\u015b\u0107 propolisowa\" srcset=\"https:\/\/apidar.pl\/wp-content\/uploads\/2020\/11\/IMG_2086-324x432.jpg 324w, https:\/\/apidar.pl\/wp-content\/uploads\/2020\/11\/IMG_2086-225x300.jpg 225w, https:\/\/apidar.pl\/wp-content\/uploads\/2020\/11\/IMG_2086-768x1024.jpg 768w, https:\/\/apidar.pl\/wp-content\/uploads\/2020\/11\/IMG_2086-416x555.jpg 416w, https:\/\/apidar.pl\/wp-content\/uploads\/2020\/11\/IMG_2086.jpg 900w\" sizes=\"(max-width: 324px) 100vw, 324px\" \/><\/div>\n\t\t\t\t\t<div class=\"wc-block-grid__product-title\">Ma\u015b\u0107 propolisowa<\/div>\n\t\t\t\t<\/a>\n\t\t\t\t<div class=\"wc-block-grid__product-price price\"><span class=\"woocommerce-Price-amount amount\">35,00&nbsp;<span class=\"woocommerce-Price-currencySymbol\">&#122;&#322;<\/span><\/span><\/div>\n\t\t\t\t\n\t\t\t\t<div class=\"wp-block-button wc-block-grid__product-add-to-cart\"><a href=\"\/de\/wp-json\/wp\/v2\/pages\/11?add-to-cart=230\" aria-label=\"In den Warenkorb legen: \u201eMa\u015b\u0107 propolisowa\u201c\" data-quantity=\"1\" data-product_id=\"230\" data-product_sku=\"PROPOLISSALVE\" data-price=\"35\" rel=\"nofollow\" class=\"wp-block-button__link  add_to_cart_button ajax_add_to_cart\">In den Warenkorb<\/a><\/div>\n\t\t\t<\/li><li class=\"wc-block-grid__product\">\n\t\t\t\t<a href=\"https:\/\/apidar.pl\/de\/produkt\/zestaw-propolisowy\/\" class=\"wc-block-grid__product-link\">\n\t\t\t\t\t\n\t\t\t\t\t<div class=\"wc-block-grid__product-image\"><img loading=\"lazy\" decoding=\"async\" width=\"324\" height=\"432\" src=\"https:\/\/apidar.pl\/wp-content\/uploads\/2020\/11\/kit-324x432.jpg\" class=\"attachment-woocommerce_thumbnail size-woocommerce_thumbnail\" alt=\"Zestaw propolisowy\" srcset=\"https:\/\/apidar.pl\/wp-content\/uploads\/2020\/11\/kit-324x432.jpg 324w, https:\/\/apidar.pl\/wp-content\/uploads\/2020\/11\/kit-225x300.jpg 225w, https:\/\/apidar.pl\/wp-content\/uploads\/2020\/11\/kit-768x1024.jpg 768w, https:\/\/apidar.pl\/wp-content\/uploads\/2020\/11\/kit-416x555.jpg 416w, https:\/\/apidar.pl\/wp-content\/uploads\/2020\/11\/kit.jpg 900w\" sizes=\"(max-width: 324px) 100vw, 324px\" \/><\/div>\n\t\t\t\t\t<div class=\"wc-block-grid__product-title\">Zestaw propolisowy<\/div>\n\t\t\t\t<\/a>\n\t\t\t\t<div class=\"wc-block-grid__product-price price\"><span class=\"woocommerce-Price-amount amount\">60,00&nbsp;<span class=\"woocommerce-Price-currencySymbol\">&#122;&#322;<\/span><\/span><\/div>\n\t\t\t\t\n\t\t\t\t<div class=\"wp-block-button wc-block-grid__product-add-to-cart\"><a href=\"\/de\/wp-json\/wp\/v2\/pages\/11?add-to-cart=236\" aria-label=\"In den Warenkorb legen: \u201eZestaw propolisowy\u201c\" data-quantity=\"1\" data-product_id=\"236\" data-product_sku=\"PROPOLISKIT\" data-price=\"60\" rel=\"nofollow\" class=\"wp-block-button__link  add_to_cart_button ajax_add_to_cart\">In den Warenkorb<\/a><\/div>\n\t\t\t<\/li><li class=\"wc-block-grid__product\">\n\t\t\t\t<a href=\"https:\/\/apidar.pl\/de\/produkt\/propolis-kit-pszczeli-zdrowy-polski-100-g\/\" class=\"wc-block-grid__product-link\">\n\t\t\t\t\t\n\t\t\t\t\t<div class=\"wc-block-grid__product-image\"><img loading=\"lazy\" decoding=\"async\" width=\"200\" height=\"267\" src=\"https:\/\/apidar.pl\/wp-content\/uploads\/2024\/06\/propolis.png\" class=\"attachment-woocommerce_thumbnail size-woocommerce_thumbnail\" alt=\"Propolis Kit Pszczeli\" srcset=\"https:\/\/apidar.pl\/wp-content\/uploads\/2024\/06\/propolis.png 200w, https:\/\/apidar.pl\/wp-content\/uploads\/2024\/06\/propolis-9x12.png 9w\" sizes=\"(max-width: 200px) 100vw, 200px\" \/><\/div>\n\t\t\t\t\t<div class=\"wc-block-grid__product-title\">Propolis Kit Pszczeli<\/div>\n\t\t\t\t<\/a>\n\t\t\t\t<div class=\"wc-block-grid__product-price price\"><span class=\"woocommerce-Price-amount amount\" aria-hidden=\"true\">40,00&nbsp;<span class=\"woocommerce-Price-currencySymbol\">&#122;&#322;<\/span><\/span> <span aria-hidden=\"true\"> \u2013 <\/span> <span class=\"woocommerce-Price-amount amount\" aria-hidden=\"true\">80,00&nbsp;<span class=\"woocommerce-Price-currencySymbol\">&#122;&#322;<\/span><\/span><span class=\"screen-reader-text\">Preisspanne: 40,00&nbsp;&#122;&#322; bis 80,00&nbsp;&#122;&#322;<\/span><\/div>\n\t\t\t\t\n\t\t\t\t<div class=\"wp-block-button wc-block-grid__product-add-to-cart\"><a href=\"https:\/\/apidar.pl\/de\/produkt\/propolis-kit-pszczeli-zdrowy-polski-100-g\/\" aria-label=\"W\u00e4hle Optionen f\u00fcr \u201ePropolis Kit Pszczeli\u201c\" data-quantity=\"1\" data-product_id=\"1393\" data-product_sku=\"PROPOLIS100\" data-price=\"40\" rel=\"nofollow\" class=\"wp-block-button__link  add_to_cart_button\">Ausf\u00fchrung w\u00e4hlen<\/a><\/div>\n\t\t\t<\/li><\/ul><\/div>\n\n\n<p><\/p>","protected":false},"excerpt":{"rendered":"","protected":false},"author":1,"featured_media":0,"parent":0,"menu_order":0,"comment_status":"closed","ping_status":"closed","template":"template-fullwidth.php","meta":{"footnotes":""},"class_list":["post-11","page","type-page","status-publish","hentry"],"_links":{"self":[{"href":"https:\/\/apidar.pl\/de\/wp-json\/wp\/v2\/pages\/11","targetHints":{"allow":["GET"]}}],"collection":[{"href":"https:\/\/apidar.pl\/de\/wp-json\/wp\/v2\/pages"}],"about":[{"href":"https:\/\/apidar.pl\/de\/wp-json\/wp\/v2\/types\/page"}],"author":[{"embeddable":true,"href":"https:\/\/apidar.pl\/de\/wp-json\/wp\/v2\/users\/1"}],"replies":[{"embeddable":true,"href":"https:\/\/apidar.pl\/de\/wp-json\/wp\/v2\/comments?post=11"}],"version-history":[{"count":75,"href":"https:\/\/apidar.pl\/de\/wp-json\/wp\/v2\/pages\/11\/revisions"}],"predecessor-version":[{"id":1423,"href":"https:\/\/apidar.pl\/de\/wp-json\/wp\/v2\/pages\/11\/revisions\/1423"}],"wp:attachment":[{"href":"https:\/\/apidar.pl\/de\/wp-json\/wp\/v2\/media?parent=11"}],"curies":[{"name":"wp","href":"https:\/\/api.w.org\/{rel}","templated":true}]}}